{"id":159,"date":"2023-11-23T16:42:56","date_gmt":"2023-11-23T19:42:56","guid":{"rendered":"https:\/\/pontualviptransportes.com.br\/?page_id=159"},"modified":"2023-11-23T16:46:12","modified_gmt":"2023-11-23T19:46:12","slug":"politica-de-privacidade-2","status":"publish","type":"page","link":"https:\/\/pontualviptransportes.com.br\/index.php\/politica-de-privacidade-2\/","title":{"rendered":"Pol\u00edtica de Privacidade"},"content":{"rendered":"\t\t<div data-elementor-type=\"wp-page\" data-elementor-id=\"159\" class=\"elementor elementor-159\">\n\t\t\t\t\t\t\t<div class=\"elementor-element elementor-element-9af935f e-flex e-con-boxed e-con e-parent\" data-id=\"9af935f\" data-element_type=\"container\" data-settings=\"{&quot;background_background&quot;:&quot;classic&quot;,&quot;content_width&quot;:&quot;boxed&quot;}\" data-core-v316-plus=\"true\">\n\t\t\t\t\t<div class=\"e-con-inner\">\n\t\t\t\t<div class=\"elementor-element elementor-element-78913db elementor-widget elementor-widget-text-editor\" data-id=\"78913db\" data-element_type=\"widget\" data-widget_type=\"text-editor.default\">\n\t\t\t\t<div class=\"elementor-widget-container\">\n\t\t\t<style>\/*! elementor - v3.17.0 - 25-10-2023 *\/\n.elementor-widget-text-editor.elementor-drop-cap-view-stacked .elementor-drop-cap{background-color:#69727d;color:#fff}.elementor-widget-text-editor.elementor-drop-cap-view-framed .elementor-drop-cap{color:#69727d;border:3px solid;background-color:transparent}.elementor-widget-text-editor:not(.elementor-drop-cap-view-default) .elementor-drop-cap{margin-top:8px}.elementor-widget-text-editor:not(.elementor-drop-cap-view-default) .elementor-drop-cap-letter{width:1em;height:1em}.elementor-widget-text-editor .elementor-drop-cap{float:left;text-align:center;line-height:1;font-size:50px}.elementor-widget-text-editor .elementor-drop-cap-letter{display:inline-block}<\/style>\t\t\t\t<p>Pol\u00edtica Privacidade<br \/>A sua privacidade \u00e9 importante para n\u00f3s. \u00c9 pol\u00edtica do Pontual Vip Transportes<br \/>respeitar a sua privacidade em rela\u00e7\u00e3o a qualquer informa\u00e7\u00e3o que possamos coletar<br \/>no site Pontual Vip Transportes, e outros sites que possu\u00edmos e operamos.<br \/>Solicitamos informa\u00e7\u00f5es pessoais apenas quando realmente precisamos delas para<br \/>lhe fornecer um servi\u00e7o. Fazemo-lo por meios justos e legais, com o seu<br \/>conhecimento e consentimento. Tamb\u00e9m informamos por que estamos coletando e<br \/>como ser\u00e1 usado.<\/p><p><br \/>Apenas retemos as informa\u00e7\u00f5es coletadas pelo tempo necess\u00e1rio para fornecer o<br \/>servi\u00e7o solicitado. Quando armazenamos dados, os protegemos dentro de meios<br \/>comercialmente aceit\u00e1veis para evitar perdas e roubos, bem como acesso,<br \/>divulga\u00e7\u00e3o, c\u00f3pia, uso ou modifica\u00e7\u00e3o n\u00e3o autorizados.<\/p><p><br \/>N\u00e3o compartilhamos informa\u00e7\u00f5es de identifica\u00e7\u00e3o pessoal publicamente ou com<br \/>terceiros, exceto quando exigido por lei.<\/p><p><br \/>O nosso site pode ter links para sites externos que n\u00e3o s\u00e3o operados por n\u00f3s.<br \/>Esteja ciente de que n\u00e3o temos controle sobre o conte\u00fado e pr\u00e1ticas desses sites e<br \/>n\u00e3o podemos aceitar responsabilidade por suas respectivas pol\u00edticas de<br \/>privacidade.<\/p><p><br \/>Voc\u00ea \u00e9 livre para recusar a nossa solicita\u00e7\u00e3o de informa\u00e7\u00f5es pessoais, entendendo<br \/>que talvez n\u00e3o possamos fornecer alguns dos servi\u00e7os desejados.<\/p><p><br \/>O uso continuado de nosso site ser\u00e1 considerado como aceita\u00e7\u00e3o de nossas<br \/>pr\u00e1ticas em torno de privacidade e informa\u00e7\u00f5es pessoais. Se voc\u00ea tiver alguma<br \/>d\u00favida sobre como lidamos com dados do usu\u00e1rio e informa\u00e7\u00f5es pessoais, entre em<br \/>contacto conosco.<\/p><p><br \/>\u25cf O servi\u00e7o Google AdSense que usamos para veicular publicidade usa um<br \/>cookie DoubleClick para veicular an\u00fancios mais relevantes em toda a Web e<br \/>limitar o n\u00famero de vezes que um determinado an\u00fancio \u00e9 exibido para voc\u00ea.<\/p><p><br \/>\u25cf Para mais informa\u00e7\u00f5es sobre o Google AdSense, consulte as FAQs oficiais<br \/>sobre privacidade do Google AdSense.<\/p><p><br \/>\u25cf Utilizamos an\u00fancios para compensar os custos de funcionamento deste site e<br \/>fornecer financiamento para futuros desenvolvimentos. Os cookies de<br \/>publicidade comportamental usados por este site foram projetados para<br \/>garantir que voc\u00ea forne\u00e7a os an\u00fancios mais relevantes sempre que poss\u00edvel,<br \/>rastreando anonimamente seus interesses e apresentando coisas<br \/>semelhantes que possam ser do seu interesse.<\/p><p><br \/>\u25cf V\u00e1rios parceiros anunciam em nosso nome e os cookies de rastreamento de<br \/>afiliados simplesmente nos permitem ver se nossos clientes acessaram o site<br \/>atrav\u00e9s de um dos sites de nossos parceiros, para que possamos credit\u00e1-los<br \/>adequadamente e, quando aplic\u00e1vel, permitir que nossos parceiros afiliados<br \/>ofere\u00e7am qualquer promo\u00e7\u00e3o que pode fornec\u00ea-lo para fazer uma compra.<\/p><p><br \/>Compromisso do Usu\u00e1rio<\/p><p><br \/>O usu\u00e1rio se compromete a fazer uso adequado dos conte\u00fados e da informa\u00e7\u00e3o<br \/>que o Pontual Vip Transportes oferece no site e com car\u00e1ter enunciativo, mas n\u00e3o<br \/>limitativo:<\/p><p><br \/>\u25cf A) N\u00e3o se envolver em atividades que sejam ilegais ou contr\u00e1rias \u00e0 boa f\u00e9 a \u00e0<br \/>ordem p\u00fablica;<\/p><p><br \/>\u25cf B) N\u00e3o difundir propaganda ou conte\u00fado de natureza racista, xenof\u00f3bica,<br \/>kiwibet ou azar, qualquer tipo de pornografia ilegal, de apologia ao terrorismo<br \/>ou contra os direitos humanos;<\/p><p><br \/>\u25cf C) N\u00e3o causar danos aos sistemas f\u00edsicos (hardwares) e l\u00f3gicos (softwares)<br \/>do Pontual Vip Transportes, de seus fornecedores ou terceiros, para<br \/>introduzir ou disseminar v\u00edrus inform\u00e1ticos ou quaisquer outros sistemas de<br \/>hardware ou software que sejam capazes de causar danos anteriormente<br \/>mencionados.<\/p><p><br \/>Mais informa\u00e7\u00f5es<\/p><p><br \/>Esperemos que esteja esclarecido e, como mencionado anteriormente, se houver<br \/>algo que voc\u00ea n\u00e3o tem certeza se precisa ou n\u00e3o, geralmente \u00e9 mais seguro deixar<br \/>os cookies ativados, caso interaja com um dos recursos que voc\u00ea usa em nosso<br \/>site.<\/p><p><br \/>Esta pol\u00edtica \u00e9 efetiva a partir de 20 November 2023 13:32<\/p><p><br \/>1. Termos<\/p><p><br \/>Ao acessar o site Pontual Vip Transportes, concorda em cumprir estes termos de<br \/>servi\u00e7o, todas as leis e regulamentos aplic\u00e1veis e concorda que \u00e9 respons\u00e1vel pelo<br \/>cumprimento de todas as leis locais aplic\u00e1veis. Se voc\u00ea n\u00e3o concordar com algum<br \/>desses termos, est\u00e1 proibido de usar ou acessar este site. Os materiais contidos<br \/>neste site s\u00e3o protegidos pelas leis de direitos autorais e marcas comerciais<br \/>aplic\u00e1veis.<\/p><p><br \/>2. Uso de Licen\u00e7a<\/p><p><br \/>\u00c9 concedida permiss\u00e3o para baixar temporariamente uma c\u00f3pia dos materiais<br \/>(informa\u00e7\u00f5es ou software) no site Pontual Vip Transportes , apenas para<br \/>visualiza\u00e7\u00e3o transit\u00f3ria pessoal e n\u00e3o comercial. Esta \u00e9 a concess\u00e3o de uma<br \/>licen\u00e7a, n\u00e3o uma transfer\u00eancia de t\u00edtulo e, sob esta licen\u00e7a, voc\u00ea n\u00e3o pode:<\/p><p><br \/>1. modificar ou copiar os materiais;<br \/>2. usar os materiais para qualquer finalidade comercial ou para exibi\u00e7\u00e3o p\u00fablica<br \/>(comercial ou n\u00e3o comercial);<br \/>3. tentar descompilar ou fazer engenharia reversa de qualquer software contido<br \/>no site Pontual Vip Transportes;<br \/>4. remover quaisquer direitos autorais ou outras nota\u00e7\u00f5es de propriedade dos<br \/>materiais; ou<br \/>5. transferir os materiais para outra pessoa ou &#8216;espelhar&#8217; os materiais em<br \/>qualquer outro servidor.<\/p><p><br \/>Esta licen\u00e7a ser\u00e1 automaticamente rescindida se voc\u00ea violar alguma dessas<br \/>restri\u00e7\u00f5es e poder\u00e1 ser rescindida pela Pontual Vip Transportes a qualquer<br \/>momento. Ao encerrar a visualiza\u00e7\u00e3o desses materiais ou ap\u00f3s o t\u00e9rmino desta<br \/>licen\u00e7a, voc\u00ea deve apagar todos os materiais baixados em sua posse, seja em<br \/>formato eletr\u00f3nico ou impresso.<\/p><p><br \/>3. Isen\u00e7\u00e3o de responsabilidade<\/p><p><br \/>1. Os materiais no site da Pontual Vip Transportes s\u00e3o fornecidos &#8216;como est\u00e3o&#8217;.<br \/>Pontual Vip Transportes n\u00e3o oferece garantias, expressas ou impl\u00edcitas, e,<br \/>por este meio, isenta e nega todas as outras garantias, incluindo, sem<br \/>limita\u00e7\u00e3o, garantias impl\u00edcitas ou condi\u00e7\u00f5es de comercializa\u00e7\u00e3o, adequa\u00e7\u00e3o a<br \/>um fim espec\u00edfico ou n\u00e3o viola\u00e7\u00e3o de propriedade intelectual ou outra<br \/>viola\u00e7\u00e3o de direitos.<\/p><p><br \/>2. Al\u00e9m disso, o Pontual Vip Transportes n\u00e3o garante ou faz qualquer<br \/>representa\u00e7\u00e3o relativa \u00e0 precis\u00e3o, aos resultados prov\u00e1veis ou \u00e0<br \/>confiabilidade do uso dos materiais em seu site ou de outra forma<br \/>relacionado a esses materiais ou em sites vinculados a este site.<\/p><p><br \/>4. Limita\u00e7\u00f5es<\/p><p><br \/>Em nenhum caso o Pontual Vip Transportes ou seus fornecedores ser\u00e3o<br \/>respons\u00e1veis por quaisquer danos (incluindo, sem limita\u00e7\u00e3o, danos por perda de<br \/>dados ou lucro ou devido a interrup\u00e7\u00e3o dos neg\u00f3cios) decorrentes do uso ou da<br \/>incapacidade de usar os materiais em Pontual Vip Transportes, mesmo que Pontual<br \/>Vip Transportes ou um representante autorizado da Pontual Vip Transportes tenha<br \/>sido notificado oralmente ou por escrito da possibilidade de tais danos. Como<br \/>algumas jurisdi\u00e7\u00f5es n\u00e3o permitem limita\u00e7\u00f5es em garantias impl\u00edcitas, ou limita\u00e7\u00f5es<br \/>de responsabilidade por danos consequentes ou incidentes, essas limita\u00e7\u00f5es podem<br \/>n\u00e3o se aplicar a voc\u00ea.<\/p><p><br \/>5. Precis\u00e3o dos materiais<\/p><p><br \/>Os materiais exibidos no site da Pontual Vip Transportes podem incluir erros<br \/>t\u00e9cnicos, tipogr\u00e1ficos ou fotogr\u00e1ficos. Pontual Vip Transportes n\u00e3o garante que<br \/>qualquer material em seu site seja preciso, completo ou atual. Pontual Vip<br \/>Transportes pode fazer altera\u00e7\u00f5es nos materiais contidos em seu site a qualquer<br \/>momento, sem aviso pr\u00e9vio. No entanto, a Pontual Vip Transportes n\u00e3o se<br \/>compromete a atualizar os materiais.<\/p><p><br \/>6. Links<\/p><p><br \/>O Pontual Vip Transportes n\u00e3o analisou todos os sites vinculados ao seu site e n\u00e3o<br \/>\u00e9 respons\u00e1vel pelo conte\u00fado de nenhum site vinculado. A inclus\u00e3o de qualquer link<br \/>n\u00e3o implica endosso por Pontual Vip Transportes do site. O uso de qualquer site<br \/>vinculado \u00e9 por conta e risco do usu\u00e1rio.<\/p><p><br \/>Modifica\u00e7\u00f5es<\/p><p><br \/>O Pontual Vip Transportes pode revisar estes termos de servi\u00e7o do site a qualquer<br \/>momento, sem aviso pr\u00e9vio. Ao usar este site, voc\u00ea concorda em ficar vinculado \u00e0<br \/>vers\u00e3o atual destes termos de servi\u00e7o.<\/p><p><br \/>Lei aplic\u00e1vel<\/p><p><br \/>Estes termos e condi\u00e7\u00f5es s\u00e3o regidos e interpretados de acordo com as leis do<br \/>Pontual Vip Transportes e voc\u00ea se submete irrevogavelmente \u00e0 jurisdi\u00e7\u00e3o exclusiva<br \/>dos tribunais naquele estado ou localidade.<\/p>\t\t\t\t\t\t<\/div>\n\t\t\t\t<\/div>\n\t\t\t\t\t<\/div>\n\t\t\t\t<\/div>\n\t\t\t\t\t\t\t<\/div>\n\t\t","protected":false},"excerpt":{"rendered":"<p>Pol\u00edtica PrivacidadeA sua privacidade \u00e9 importante para n\u00f3s. \u00c9 pol\u00edtica do Pontual Vip Transportesrespeitar a sua privacidade em rela\u00e7\u00e3o a qualquer informa\u00e7\u00e3o que possamos coletarno site Pontual Vip Transportes, e outros sites que possu\u00edmos e operamos.Solicitamos informa\u00e7\u00f5es pessoais apenas quando realmente precisamos delas paralhe fornecer um servi\u00e7o. Fazemo-lo por meios justos e legais, com o&hellip; <a class=\"more-link\" href=\"https:\/\/pontualviptransportes.com.br\/index.php\/politica-de-privacidade-2\/\">Continue reading <span class=\"screen-reader-text\">Pol\u00edtica de Privacidade<\/span><\/a><\/p>\n","protected":false},"author":1,"featured_media":0,"parent":0,"menu_order":0,"comment_status":"closed","ping_status":"closed","template":"elementor_canvas","meta":{"footnotes":""},"_links":{"self":[{"href":"https:\/\/pontualviptransportes.com.br\/index.php\/wp-json\/wp\/v2\/pages\/159"}],"collection":[{"href":"https:\/\/pontualviptransportes.com.br\/index.php\/wp-json\/wp\/v2\/pages"}],"about":[{"href":"https:\/\/pontualviptransportes.com.br\/index.php\/wp-json\/wp\/v2\/types\/page"}],"author":[{"embeddable":true,"href":"https:\/\/pontualviptransportes.com.br\/index.php\/wp-json\/wp\/v2\/users\/1"}],"replies":[{"embeddable":true,"href":"https:\/\/pontualviptransportes.com.br\/index.php\/wp-json\/wp\/v2\/comments?post=159"}],"version-history":[{"count":7,"href":"https:\/\/pontualviptransportes.com.br\/index.php\/wp-json\/wp\/v2\/pages\/159\/revisions"}],"predecessor-version":[{"id":169,"href":"https:\/\/pontualviptransportes.com.br\/index.php\/wp-json\/wp\/v2\/pages\/159\/revisions\/169"}],"wp:attachment":[{"href":"https:\/\/pontualviptransportes.com.br\/index.php\/wp-json\/wp\/v2\/media?parent=159"}],"curies":[{"name":"wp","href":"https:\/\/api.w.org\/{rel}","templated":true}]}}